{"id":1943,"date":"2026-01-26T10:44:21","date_gmt":"2026-01-26T10:44:21","guid":{"rendered":"https:\/\/kasari.eu\/?post_type=product&#038;p=1943"},"modified":"2026-01-28T15:48:41","modified_gmt":"2026-01-28T15:48:41","slug":"%d1%8d%d0%bd%d0%b5%d1%80%d0%b3%d0%be%d1%81%d0%b1%d0%b5%d1%80%d0%b5%d0%b3%d0%b0%d1%8e%d1%89%d0%b8%d0%b9-%d0%b4%d0%b8%d1%81%d0%bf%d0%b5%d0%bd%d1%81%d0%b5%d1%80-%d0%b4%d0%bb%d1%8f-%d1%82%d0%b5%d0%bf","status":"publish","type":"product","link":"https:\/\/kasari.eu\/en\/product\/%d1%8d%d0%bd%d0%b5%d1%80%d0%b3%d0%be%d1%81%d0%b1%d0%b5%d1%80%d0%b5%d0%b3%d0%b0%d1%8e%d1%89%d0%b8%d0%b9-%d0%b4%d0%b8%d1%81%d0%bf%d0%b5%d0%bd%d1%81%d0%b5%d1%80-%d0%b4%d0%bb%d1%8f-%d1%82%d0%b5%d0%bf\/","title":{"rendered":"Vesijahuti"},"content":{"rendered":"<p>Korpuse materjal: PP<br \/>\nOmadused: Lihtne paigaldus, Lihtne kasutada, Ohutu, Lihtne puhastada, K\u00fcte<br \/>\nKasutusala: \u00c4riline, Kodune<br \/>\nToiteallikas: Elektriline<br \/>\nT\u00fc\u00fcp: Kuumutus<br \/>\nRakendusega juhitav: EI<br \/>\nV\u00f5imsus (W): 453 W<br \/>\nToote p\u00e4ritolu:\u00a0 Hiina<br \/>\nM\u00f5\u00f5tmed (P x L x K (tollides): 28\/28,5\/87 cm<br \/>\nMudelid: SH-820<\/p>\n<p>Funktsioonid:<\/p>\n<div id=\"message-131418\" class=\"Message message-list-item allow-selection own shown open\" data-message-id=\"131418\">\n<div class=\"message-content-wrapper can-select-text\">\n<div class=\"message-content peer-color-count-1 text has-shadow has-solid-background has-footer\" dir=\"auto\">\n<div class=\"content-inner\" dir=\"auto\">\n<p class=\"text-content clearfix with-meta with-outgoing-icon\" dir=\"auto\">Kuum vesi 95 kraadi,Soe vesi 45 kraadi ja toa temperatuuriga vesi.<\/p>\n<p>Kuuma kraani lastelukk :Olemas<\/p>\n<\/div>\n<div class=\"message-action-buttons\"><\/div>\n<\/div>\n<\/div>\n<\/div>\n<div id=\"message-131419\" class=\"Message message-list-item allow-selection last-in-group own shown open\" data-message-id=\"131419\">\n<div class=\"bottom-marker\" data-message-id=\"131419\" data-should-update-views=\"false\"><\/div>\n<div class=\"message-content-wrapper can-select-text\">\n<div class=\"message-content peer-color-count-1 text has-shadow has-solid-background has-appendix has-footer\" dir=\"auto\">\n<div class=\"content-inner\" dir=\"auto\"><\/div>\n<\/div>\n<\/div>\n<\/div>\n<p>&nbsp;<\/p>","protected":false},"excerpt":{"rendered":"<p>Korpuse materjal: PP<br \/>\nOmadused: Lihtne paigaldus, Lihtne kasutada, Ohutu, Lihtne puhastada, K\u00fcte<br \/>\nKasutusala: \u00c4riline, Kodune<br \/>\nToiteallikas: Elektriline<br \/>\nT\u00fc\u00fcp: Kuumutus<br \/>\nRakendusega juhitav: EI<br \/>\nV\u00f5imsus (W): 453 W<br \/>\nToote p\u00e4ritolu: Zhejiang, Hiina<br \/>\nNimi: SH<br \/>\nM\u00f5\u00f5tmed (P x L x K (tollides): 28\/28,5\/87 cm<br \/>\nMudelid: SH-820<\/p>","protected":false},"featured_media":1960,"template":"","meta":[],"product_brand":[],"product_cat":[21],"product_tag":[],"class_list":{"0":"post-1943","1":"product","2":"type-product","3":"status-publish","4":"has-post-thumbnail","6":"product_cat-uncategorized","8":"first","9":"instock","10":"taxable","11":"shipping-taxable","12":"purchasable","13":"product-type-simple"},"yoast_head":"<!-- This site is optimized with the Yoast SEO plugin v25.1 - https:\/\/yoast.com\/wordpress\/plugins\/seo\/ -->\n<title>Vesijahuti - Kasari Spring Water: Kasari E-Pood<\/title>\n<meta name=\"robots\" content=\"index, follow, max-snippet:-1, max-image-preview:large, max-video-preview:-1\" \/>\n<link rel=\"canonical\" href=\"https:\/\/kasari.eu\/en\/product\/\u044d\u043d\u0435\u0440\u0433\u043e\u0441\u0431\u0435\u0440\u0435\u0433\u0430\u044e\u0449\u0438\u0439-\u0434\u0438\u0441\u043f\u0435\u043d\u0441\u0435\u0440-\u0434\u043b\u044f-\u0442\u0435\u043f\/\" \/>\n<meta property=\"og:locale\" content=\"en_US\" \/>\n<meta property=\"og:type\" content=\"article\" \/>\n<meta property=\"og:title\" content=\"Vesijahuti - Kasari Spring Water: Kasari E-Pood\" \/>\n<meta property=\"og:description\" content=\"Korpuse materjal: PP Omadused: Lihtne paigaldus, Lihtne kasutada, Ohutu, Lihtne puhastada, K\u00fcte Kasutusala: \u00c4riline, Kodune Toiteallikas: Elektriline T\u00fc\u00fcp: Kuumutus Rakendusega juhitav: EI V\u00f5imsus (W): 453 W Toote p\u00e4ritolu: Zhejiang, Hiina Nimi: SH M\u00f5\u00f5tmed (P x L x K (tollides): 28\/28,5\/87 cm Mudelid: SH-820\" \/>\n<meta property=\"og:url\" content=\"https:\/\/kasari.eu\/en\/product\/\u044d\u043d\u0435\u0440\u0433\u043e\u0441\u0431\u0435\u0440\u0435\u0433\u0430\u044e\u0449\u0438\u0439-\u0434\u0438\u0441\u043f\u0435\u043d\u0441\u0435\u0440-\u0434\u043b\u044f-\u0442\u0435\u043f\/\" \/>\n<meta property=\"og:site_name\" content=\"Kasari Spring Water: Kasari E-Pood\" \/>\n<meta property=\"article:modified_time\" content=\"2026-01-28T15:48:41+00:00\" \/>\n<meta property=\"og:image\" content=\"https:\/\/kasari.eu\/wp-content\/uploads\/2026\/01\/6026002720642239309.jpg\" \/>\n\t<meta property=\"og:image:width\" content=\"853\" \/>\n\t<meta property=\"og:image:height\" content=\"1280\" \/>\n\t<meta property=\"og:image:type\" content=\"image\/jpeg\" \/>\n<meta name=\"twitter:card\" content=\"summary_large_image\" \/>\n<meta name=\"twitter:label1\" content=\"Est. reading time\" \/>\n\t<meta name=\"twitter:data1\" content=\"1 minute\" \/>\n<script type=\"application\/ld+json\" class=\"yoast-schema-graph\">{\"@context\":\"https:\/\/schema.org\",\"@graph\":[{\"@type\":\"WebPage\",\"@id\":\"https:\/\/kasari.eu\/toode\/%d1%8d%d0%bd%d0%b5%d1%80%d0%b3%d0%be%d1%81%d0%b1%d0%b5%d1%80%d0%b5%d0%b3%d0%b0%d1%8e%d1%89%d0%b8%d0%b9-%d0%b4%d0%b8%d1%81%d0%bf%d0%b5%d0%bd%d1%81%d0%b5%d1%80-%d0%b4%d0%bb%d1%8f-%d1%82%d0%b5%d0%bf\/\",\"url\":\"https:\/\/kasari.eu\/toode\/%d1%8d%d0%bd%d0%b5%d1%80%d0%b3%d0%be%d1%81%d0%b1%d0%b5%d1%80%d0%b5%d0%b3%d0%b0%d1%8e%d1%89%d0%b8%d0%b9-%d0%b4%d0%b8%d1%81%d0%bf%d0%b5%d0%bd%d1%81%d0%b5%d1%80-%d0%b4%d0%bb%d1%8f-%d1%82%d0%b5%d0%bf\/\",\"name\":\"Vesijahuti - Kasari Spring Water: Kasari E-Pood\",\"isPartOf\":{\"@id\":\"https:\/\/kasari.eu\/#website\"},\"primaryImageOfPage\":{\"@id\":\"https:\/\/kasari.eu\/toode\/%d1%8d%d0%bd%d0%b5%d1%80%d0%b3%d0%be%d1%81%d0%b1%d0%b5%d1%80%d0%b5%d0%b3%d0%b0%d1%8e%d1%89%d0%b8%d0%b9-%d0%b4%d0%b8%d1%81%d0%bf%d0%b5%d0%bd%d1%81%d0%b5%d1%80-%d0%b4%d0%bb%d1%8f-%d1%82%d0%b5%d0%bf\/#primaryimage\"},\"image\":{\"@id\":\"https:\/\/kasari.eu\/toode\/%d1%8d%d0%bd%d0%b5%d1%80%d0%b3%d0%be%d1%81%d0%b1%d0%b5%d1%80%d0%b5%d0%b3%d0%b0%d1%8e%d1%89%d0%b8%d0%b9-%d0%b4%d0%b8%d1%81%d0%bf%d0%b5%d0%bd%d1%81%d0%b5%d1%80-%d0%b4%d0%bb%d1%8f-%d1%82%d0%b5%d0%bf\/#primaryimage\"},\"thumbnailUrl\":\"https:\/\/kasari.eu\/wp-content\/uploads\/2026\/01\/6026002720642239309.jpg\",\"datePublished\":\"2026-01-26T10:44:21+00:00\",\"dateModified\":\"2026-01-28T15:48:41+00:00\",\"breadcrumb\":{\"@id\":\"https:\/\/kasari.eu\/toode\/%d1%8d%d0%bd%d0%b5%d1%80%d0%b3%d0%be%d1%81%d0%b1%d0%b5%d1%80%d0%b5%d0%b3%d0%b0%d1%8e%d1%89%d0%b8%d0%b9-%d0%b4%d0%b8%d1%81%d0%bf%d0%b5%d0%bd%d1%81%d0%b5%d1%80-%d0%b4%d0%bb%d1%8f-%d1%82%d0%b5%d0%bf\/#breadcrumb\"},\"inLanguage\":\"en-US\",\"potentialAction\":[{\"@type\":\"ReadAction\",\"target\":[\"https:\/\/kasari.eu\/toode\/%d1%8d%d0%bd%d0%b5%d1%80%d0%b3%d0%be%d1%81%d0%b1%d0%b5%d1%80%d0%b5%d0%b3%d0%b0%d1%8e%d1%89%d0%b8%d0%b9-%d0%b4%d0%b8%d1%81%d0%bf%d0%b5%d0%bd%d1%81%d0%b5%d1%80-%d0%b4%d0%bb%d1%8f-%d1%82%d0%b5%d0%bf\/\"]}]},{\"@type\":\"ImageObject\",\"inLanguage\":\"en-US\",\"@id\":\"https:\/\/kasari.eu\/toode\/%d1%8d%d0%bd%d0%b5%d1%80%d0%b3%d0%be%d1%81%d0%b1%d0%b5%d1%80%d0%b5%d0%b3%d0%b0%d1%8e%d1%89%d0%b8%d0%b9-%d0%b4%d0%b8%d1%81%d0%bf%d0%b5%d0%bd%d1%81%d0%b5%d1%80-%d0%b4%d0%bb%d1%8f-%d1%82%d0%b5%d0%bf\/#primaryimage\",\"url\":\"https:\/\/kasari.eu\/wp-content\/uploads\/2026\/01\/6026002720642239309.jpg\",\"contentUrl\":\"https:\/\/kasari.eu\/wp-content\/uploads\/2026\/01\/6026002720642239309.jpg\",\"width\":853,\"height\":1280},{\"@type\":\"BreadcrumbList\",\"@id\":\"https:\/\/kasari.eu\/toode\/%d1%8d%d0%bd%d0%b5%d1%80%d0%b3%d0%be%d1%81%d0%b1%d0%b5%d1%80%d0%b5%d0%b3%d0%b0%d1%8e%d1%89%d0%b8%d0%b9-%d0%b4%d0%b8%d1%81%d0%bf%d0%b5%d0%bd%d1%81%d0%b5%d1%80-%d0%b4%d0%bb%d1%8f-%d1%82%d0%b5%d0%bf\/#breadcrumb\",\"itemListElement\":[{\"@type\":\"ListItem\",\"position\":1,\"name\":\"Home\",\"item\":\"https:\/\/kasari.eu\/\"},{\"@type\":\"ListItem\",\"position\":2,\"name\":\"Tooted\",\"item\":\"https:\/\/kasari.eu\/shop__trashed\/\"},{\"@type\":\"ListItem\",\"position\":3,\"name\":\"Vesijahuti\"}]},{\"@type\":\"WebSite\",\"@id\":\"https:\/\/kasari.eu\/#website\",\"url\":\"https:\/\/kasari.eu\/\",\"name\":\"Kasari Spring Water: Kasari E-Pood\",\"description\":\"\",\"publisher\":{\"@id\":\"https:\/\/kasari.eu\/#organization\"},\"potentialAction\":[{\"@type\":\"SearchAction\",\"target\":{\"@type\":\"EntryPoint\",\"urlTemplate\":\"https:\/\/kasari.eu\/?s={search_term_string}\"},\"query-input\":{\"@type\":\"PropertyValueSpecification\",\"valueRequired\":true,\"valueName\":\"search_term_string\"}}],\"inLanguage\":\"en-US\"},{\"@type\":\"Organization\",\"@id\":\"https:\/\/kasari.eu\/#organization\",\"name\":\"Kasari Spring Water: Kasari E-Pood\",\"url\":\"https:\/\/kasari.eu\/\",\"logo\":{\"@type\":\"ImageObject\",\"inLanguage\":\"en-US\",\"@id\":\"https:\/\/kasari.eu\/#\/schema\/logo\/image\/\",\"url\":\"https:\/\/kasari.eu\/wp-content\/uploads\/2024\/11\/37c9b5ca-6c75-477f-891a-cc084cb3f920_removalai_preview.png\",\"contentUrl\":\"https:\/\/kasari.eu\/wp-content\/uploads\/2024\/11\/37c9b5ca-6c75-477f-891a-cc084cb3f920_removalai_preview.png\",\"width\":600,\"height\":600,\"caption\":\"Kasari Spring Water: Kasari E-Pood\"},\"image\":{\"@id\":\"https:\/\/kasari.eu\/#\/schema\/logo\/image\/\"}}]}<\/script>\n<!-- \/ Yoast SEO plugin. -->","yoast_head_json":{"title":"Vesijahuti - Kasari Spring Water: Kasari E-Pood","robots":{"index":"index","follow":"follow","max-snippet":"max-snippet:-1","max-image-preview":"max-image-preview:large","max-video-preview":"max-video-preview:-1"},"canonical":"https:\/\/kasari.eu\/en\/product\/\u044d\u043d\u0435\u0440\u0433\u043e\u0441\u0431\u0435\u0440\u0435\u0433\u0430\u044e\u0449\u0438\u0439-\u0434\u0438\u0441\u043f\u0435\u043d\u0441\u0435\u0440-\u0434\u043b\u044f-\u0442\u0435\u043f\/","og_locale":"en_US","og_type":"article","og_title":"Vesijahuti - Kasari Spring Water: Kasari E-Pood","og_description":"Korpuse materjal: PP Omadused: Lihtne paigaldus, Lihtne kasutada, Ohutu, Lihtne puhastada, K\u00fcte Kasutusala: \u00c4riline, Kodune Toiteallikas: Elektriline T\u00fc\u00fcp: Kuumutus Rakendusega juhitav: EI V\u00f5imsus (W): 453 W Toote p\u00e4ritolu: Zhejiang, Hiina Nimi: SH M\u00f5\u00f5tmed (P x L x K (tollides): 28\/28,5\/87 cm Mudelid: SH-820","og_url":"https:\/\/kasari.eu\/en\/product\/\u044d\u043d\u0435\u0440\u0433\u043e\u0441\u0431\u0435\u0440\u0435\u0433\u0430\u044e\u0449\u0438\u0439-\u0434\u0438\u0441\u043f\u0435\u043d\u0441\u0435\u0440-\u0434\u043b\u044f-\u0442\u0435\u043f\/","og_site_name":"Kasari Spring Water: Kasari E-Pood","article_modified_time":"2026-01-28T15:48:41+00:00","og_image":[{"width":853,"height":1280,"url":"https:\/\/kasari.eu\/wp-content\/uploads\/2026\/01\/6026002720642239309.jpg","type":"image\/jpeg"}],"twitter_card":"summary_large_image","twitter_misc":{"Est. reading time":"1 minute"},"schema":{"@context":"https:\/\/schema.org","@graph":[{"@type":"WebPage","@id":"https:\/\/kasari.eu\/toode\/%d1%8d%d0%bd%d0%b5%d1%80%d0%b3%d0%be%d1%81%d0%b1%d0%b5%d1%80%d0%b5%d0%b3%d0%b0%d1%8e%d1%89%d0%b8%d0%b9-%d0%b4%d0%b8%d1%81%d0%bf%d0%b5%d0%bd%d1%81%d0%b5%d1%80-%d0%b4%d0%bb%d1%8f-%d1%82%d0%b5%d0%bf\/","url":"https:\/\/kasari.eu\/toode\/%d1%8d%d0%bd%d0%b5%d1%80%d0%b3%d0%be%d1%81%d0%b1%d0%b5%d1%80%d0%b5%d0%b3%d0%b0%d1%8e%d1%89%d0%b8%d0%b9-%d0%b4%d0%b8%d1%81%d0%bf%d0%b5%d0%bd%d1%81%d0%b5%d1%80-%d0%b4%d0%bb%d1%8f-%d1%82%d0%b5%d0%bf\/","name":"Vesijahuti - Kasari Spring Water: Kasari E-Pood","isPartOf":{"@id":"https:\/\/kasari.eu\/#website"},"primaryImageOfPage":{"@id":"https:\/\/kasari.eu\/toode\/%d1%8d%d0%bd%d0%b5%d1%80%d0%b3%d0%be%d1%81%d0%b1%d0%b5%d1%80%d0%b5%d0%b3%d0%b0%d1%8e%d1%89%d0%b8%d0%b9-%d0%b4%d0%b8%d1%81%d0%bf%d0%b5%d0%bd%d1%81%d0%b5%d1%80-%d0%b4%d0%bb%d1%8f-%d1%82%d0%b5%d0%bf\/#primaryimage"},"image":{"@id":"https:\/\/kasari.eu\/toode\/%d1%8d%d0%bd%d0%b5%d1%80%d0%b3%d0%be%d1%81%d0%b1%d0%b5%d1%80%d0%b5%d0%b3%d0%b0%d1%8e%d1%89%d0%b8%d0%b9-%d0%b4%d0%b8%d1%81%d0%bf%d0%b5%d0%bd%d1%81%d0%b5%d1%80-%d0%b4%d0%bb%d1%8f-%d1%82%d0%b5%d0%bf\/#primaryimage"},"thumbnailUrl":"https:\/\/kasari.eu\/wp-content\/uploads\/2026\/01\/6026002720642239309.jpg","datePublished":"2026-01-26T10:44:21+00:00","dateModified":"2026-01-28T15:48:41+00:00","breadcrumb":{"@id":"https:\/\/kasari.eu\/toode\/%d1%8d%d0%bd%d0%b5%d1%80%d0%b3%d0%be%d1%81%d0%b1%d0%b5%d1%80%d0%b5%d0%b3%d0%b0%d1%8e%d1%89%d0%b8%d0%b9-%d0%b4%d0%b8%d1%81%d0%bf%d0%b5%d0%bd%d1%81%d0%b5%d1%80-%d0%b4%d0%bb%d1%8f-%d1%82%d0%b5%d0%bf\/#breadcrumb"},"inLanguage":"en-US","potentialAction":[{"@type":"ReadAction","target":["https:\/\/kasari.eu\/toode\/%d1%8d%d0%bd%d0%b5%d1%80%d0%b3%d0%be%d1%81%d0%b1%d0%b5%d1%80%d0%b5%d0%b3%d0%b0%d1%8e%d1%89%d0%b8%d0%b9-%d0%b4%d0%b8%d1%81%d0%bf%d0%b5%d0%bd%d1%81%d0%b5%d1%80-%d0%b4%d0%bb%d1%8f-%d1%82%d0%b5%d0%bf\/"]}]},{"@type":"ImageObject","inLanguage":"en-US","@id":"https:\/\/kasari.eu\/toode\/%d1%8d%d0%bd%d0%b5%d1%80%d0%b3%d0%be%d1%81%d0%b1%d0%b5%d1%80%d0%b5%d0%b3%d0%b0%d1%8e%d1%89%d0%b8%d0%b9-%d0%b4%d0%b8%d1%81%d0%bf%d0%b5%d0%bd%d1%81%d0%b5%d1%80-%d0%b4%d0%bb%d1%8f-%d1%82%d0%b5%d0%bf\/#primaryimage","url":"https:\/\/kasari.eu\/wp-content\/uploads\/2026\/01\/6026002720642239309.jpg","contentUrl":"https:\/\/kasari.eu\/wp-content\/uploads\/2026\/01\/6026002720642239309.jpg","width":853,"height":1280},{"@type":"BreadcrumbList","@id":"https:\/\/kasari.eu\/toode\/%d1%8d%d0%bd%d0%b5%d1%80%d0%b3%d0%be%d1%81%d0%b1%d0%b5%d1%80%d0%b5%d0%b3%d0%b0%d1%8e%d1%89%d0%b8%d0%b9-%d0%b4%d0%b8%d1%81%d0%bf%d0%b5%d0%bd%d1%81%d0%b5%d1%80-%d0%b4%d0%bb%d1%8f-%d1%82%d0%b5%d0%bf\/#breadcrumb","itemListElement":[{"@type":"ListItem","position":1,"name":"Home","item":"https:\/\/kasari.eu\/"},{"@type":"ListItem","position":2,"name":"Tooted","item":"https:\/\/kasari.eu\/shop__trashed\/"},{"@type":"ListItem","position":3,"name":"Vesijahuti"}]},{"@type":"WebSite","@id":"https:\/\/kasari.eu\/#website","url":"https:\/\/kasari.eu\/","name":"Kasari Spring Water: Kasari E-Pood","description":"","publisher":{"@id":"https:\/\/kasari.eu\/#organization"},"potentialAction":[{"@type":"SearchAction","target":{"@type":"EntryPoint","urlTemplate":"https:\/\/kasari.eu\/?s={search_term_string}"},"query-input":{"@type":"PropertyValueSpecification","valueRequired":true,"valueName":"search_term_string"}}],"inLanguage":"en-US"},{"@type":"Organization","@id":"https:\/\/kasari.eu\/#organization","name":"Kasari Spring Water: Kasari E-Pood","url":"https:\/\/kasari.eu\/","logo":{"@type":"ImageObject","inLanguage":"en-US","@id":"https:\/\/kasari.eu\/#\/schema\/logo\/image\/","url":"https:\/\/kasari.eu\/wp-content\/uploads\/2024\/11\/37c9b5ca-6c75-477f-891a-cc084cb3f920_removalai_preview.png","contentUrl":"https:\/\/kasari.eu\/wp-content\/uploads\/2024\/11\/37c9b5ca-6c75-477f-891a-cc084cb3f920_removalai_preview.png","width":600,"height":600,"caption":"Kasari Spring Water: Kasari E-Pood"},"image":{"@id":"https:\/\/kasari.eu\/#\/schema\/logo\/image\/"}}]}},"_links":{"self":[{"href":"https:\/\/kasari.eu\/en\/wp-json\/wp\/v2\/product\/1943","targetHints":{"allow":["GET"]}}],"collection":[{"href":"https:\/\/kasari.eu\/en\/wp-json\/wp\/v2\/product"}],"about":[{"href":"https:\/\/kasari.eu\/en\/wp-json\/wp\/v2\/types\/product"}],"wp:featuredmedia":[{"embeddable":true,"href":"https:\/\/kasari.eu\/en\/wp-json\/wp\/v2\/media\/1960"}],"wp:attachment":[{"href":"https:\/\/kasari.eu\/en\/wp-json\/wp\/v2\/media?parent=1943"}],"wp:term":[{"taxonomy":"product_brand","embeddable":true,"href":"https:\/\/kasari.eu\/en\/wp-json\/wp\/v2\/product_brand?post=1943"},{"taxonomy":"product_cat","embeddable":true,"href":"https:\/\/kasari.eu\/en\/wp-json\/wp\/v2\/product_cat?post=1943"},{"taxonomy":"product_tag","embeddable":true,"href":"https:\/\/kasari.eu\/en\/wp-json\/wp\/v2\/product_tag?post=1943"}],"curies":[{"name":"wp","href":"https:\/\/api.w.org\/{rel}","templated":true}]}}