{"id":580,"date":"2024-09-20T08:44:11","date_gmt":"2024-09-20T08:44:11","guid":{"rendered":"https:\/\/kasari.eu\/?post_type=product&#038;p=580"},"modified":"2026-04-29T12:53:14","modified_gmt":"2026-04-29T12:53:14","slug":"korduvkasutatav-189-liitrine-veepudel-tais","status":"publish","type":"product","link":"https:\/\/kasari.eu\/en\/product\/korduvkasutatav-189-liitrine-veepudel-tais\/","title":{"rendered":"Kasari Spring Water 18.9L (reusable bottle)"},"content":{"rendered":"<p>It is convenient to use large water bottles (18.9 L) at home or at work.<\/p>\n<p>We also offer you such an opportunity.<\/p>\n<p>These bottles can be mounted on a water dispenser or jug (ask for extras).<\/p>\n<p>You can also put a hand pump or an electric pump on the bottle.<\/p>\n<p>Minimum order from 2 pcs.<\/p>\n<p><strong>Attention! This package contains reusable bottles that are the property of Kasari Spring Water O\u00dc and the customer is obliged to return them to the company when empty.<\/strong><\/p>","protected":false},"excerpt":{"rendered":"<p>It is convenient to use large water bottles (18.9 L) at home or at work.<\/p>\n<p>We also offer you such an opportunity.<\/p>\n<p>These bottles can be mounted on a water dispenser or jug (ask for extras).<\/p>\n<p>You can also put a hand pump or an electric pump on the bottle.<\/p>\n<p><strong>Attention! This package contains reusable bottles that are the property of Kasari Spring Water O\u00dc and the customer is obliged to return them to the company when empty.<\/strong><\/p>","protected":false},"featured_media":913,"template":"","meta":[],"product_brand":[],"product_cat":[29],"product_tag":[],"class_list":{"0":"post-580","1":"product","2":"type-product","3":"status-publish","4":"has-post-thumbnail","6":"product_cat-est","8":"first","9":"instock","10":"taxable","11":"shipping-taxable","12":"purchasable","13":"product-type-simple"},"yoast_head":"<!-- This site is optimized with the Yoast SEO plugin v25.1 - https:\/\/yoast.com\/wordpress\/plugins\/seo\/ -->\n<title>Kasari Allikavesi 18.9L   (pudel korduvkasutatav) - Kasari Spring Water: Kasari E-Pood<\/title>\n<meta name=\"description\" content=\"Nautige Kasari Allikavesi 18.9L pudelis, ideaalne igap\u00e4evaseks joomiseks ja seltskondlikeks \u00fcritusteks!\" \/>\n<meta name=\"robots\" content=\"index, follow, max-snippet:-1, max-image-preview:large, max-video-preview:-1\" \/>\n<link rel=\"canonical\" href=\"https:\/\/kasari.eu\/en\/product\/korduvkasutatav-189-liitrine-veepudel-tais\/\" \/>\n<meta property=\"og:locale\" content=\"en_US\" \/>\n<meta property=\"og:type\" content=\"article\" \/>\n<meta property=\"og:title\" content=\"Kasari Allikavesi 18.9L pudelis \u2013 V\u00e4rske Allikavesi\" \/>\n<meta property=\"og:description\" content=\"Nautige Kasari Allikavesi 18.9L pudelis, ideaalne igap\u00e4evaseks joomiseks ja seltskondlikeks \u00fcritusteks!\" \/>\n<meta property=\"og:url\" content=\"https:\/\/kasari.eu\/en\/product\/korduvkasutatav-189-liitrine-veepudel-tais\/\" \/>\n<meta property=\"og:site_name\" content=\"Kasari Spring Water: Kasari E-Pood\" \/>\n<meta property=\"article:modified_time\" content=\"2026-04-29T12:53:14+00:00\" \/>\n<meta property=\"og:image\" content=\"https:\/\/kasari.eu\/wp-content\/uploads\/2024\/09\/6.png\" \/>\n\t<meta property=\"og:image:width\" content=\"1094\" \/>\n\t<meta property=\"og:image:height\" content=\"1495\" \/>\n\t<meta property=\"og:image:type\" content=\"image\/png\" \/>\n<meta name=\"twitter:card\" content=\"summary_large_image\" \/>\n<meta name=\"twitter:label1\" content=\"Est. reading time\" \/>\n\t<meta name=\"twitter:data1\" content=\"1 minute\" \/>\n<script type=\"application\/ld+json\" class=\"yoast-schema-graph\">{\"@context\":\"https:\/\/schema.org\",\"@graph\":[{\"@type\":\"WebPage\",\"@id\":\"https:\/\/kasari.eu\/toode\/korduvkasutatav-189-liitrine-veepudel-tais\/\",\"url\":\"https:\/\/kasari.eu\/toode\/korduvkasutatav-189-liitrine-veepudel-tais\/\",\"name\":\"Kasari Allikavesi 18.9L (pudel korduvkasutatav) - Kasari Spring Water: Kasari E-Pood\",\"isPartOf\":{\"@id\":\"https:\/\/kasari.eu\/#website\"},\"primaryImageOfPage\":{\"@id\":\"https:\/\/kasari.eu\/toode\/korduvkasutatav-189-liitrine-veepudel-tais\/#primaryimage\"},\"image\":{\"@id\":\"https:\/\/kasari.eu\/toode\/korduvkasutatav-189-liitrine-veepudel-tais\/#primaryimage\"},\"thumbnailUrl\":\"https:\/\/kasari.eu\/wp-content\/uploads\/2024\/09\/6.png\",\"datePublished\":\"2024-09-20T08:44:11+00:00\",\"dateModified\":\"2026-04-29T12:53:14+00:00\",\"description\":\"Nautige Kasari Allikavesi 18.9L pudelis, ideaalne igap\u00e4evaseks joomiseks ja seltskondlikeks \u00fcritusteks!\",\"breadcrumb\":{\"@id\":\"https:\/\/kasari.eu\/toode\/korduvkasutatav-189-liitrine-veepudel-tais\/#breadcrumb\"},\"inLanguage\":\"en-US\",\"potentialAction\":[{\"@type\":\"ReadAction\",\"target\":[\"https:\/\/kasari.eu\/toode\/korduvkasutatav-189-liitrine-veepudel-tais\/\"]}]},{\"@type\":\"ImageObject\",\"inLanguage\":\"en-US\",\"@id\":\"https:\/\/kasari.eu\/toode\/korduvkasutatav-189-liitrine-veepudel-tais\/#primaryimage\",\"url\":\"https:\/\/kasari.eu\/wp-content\/uploads\/2024\/09\/6.png\",\"contentUrl\":\"https:\/\/kasari.eu\/wp-content\/uploads\/2024\/09\/6.png\",\"width\":1094,\"height\":1495},{\"@type\":\"BreadcrumbList\",\"@id\":\"https:\/\/kasari.eu\/toode\/korduvkasutatav-189-liitrine-veepudel-tais\/#breadcrumb\",\"itemListElement\":[{\"@type\":\"ListItem\",\"position\":1,\"name\":\"Home\",\"item\":\"https:\/\/kasari.eu\/\"},{\"@type\":\"ListItem\",\"position\":2,\"name\":\"Tooted\",\"item\":\"https:\/\/kasari.eu\/shop__trashed\/\"},{\"@type\":\"ListItem\",\"position\":3,\"name\":\"Kasari Allikavesi 18.9L (pudel korduvkasutatav)\"}]},{\"@type\":\"WebSite\",\"@id\":\"https:\/\/kasari.eu\/#website\",\"url\":\"https:\/\/kasari.eu\/\",\"name\":\"Kasari Spring Water: Kasari E-Pood\",\"description\":\"\",\"publisher\":{\"@id\":\"https:\/\/kasari.eu\/#organization\"},\"potentialAction\":[{\"@type\":\"SearchAction\",\"target\":{\"@type\":\"EntryPoint\",\"urlTemplate\":\"https:\/\/kasari.eu\/?s={search_term_string}\"},\"query-input\":{\"@type\":\"PropertyValueSpecification\",\"valueRequired\":true,\"valueName\":\"search_term_string\"}}],\"inLanguage\":\"en-US\"},{\"@type\":\"Organization\",\"@id\":\"https:\/\/kasari.eu\/#organization\",\"name\":\"Kasari Spring Water: Kasari E-Pood\",\"url\":\"https:\/\/kasari.eu\/\",\"logo\":{\"@type\":\"ImageObject\",\"inLanguage\":\"en-US\",\"@id\":\"https:\/\/kasari.eu\/#\/schema\/logo\/image\/\",\"url\":\"https:\/\/kasari.eu\/wp-content\/uploads\/2024\/11\/37c9b5ca-6c75-477f-891a-cc084cb3f920_removalai_preview.png\",\"contentUrl\":\"https:\/\/kasari.eu\/wp-content\/uploads\/2024\/11\/37c9b5ca-6c75-477f-891a-cc084cb3f920_removalai_preview.png\",\"width\":600,\"height\":600,\"caption\":\"Kasari Spring Water: Kasari E-Pood\"},\"image\":{\"@id\":\"https:\/\/kasari.eu\/#\/schema\/logo\/image\/\"}}]}<\/script>\n<!-- \/ Yoast SEO plugin. -->","yoast_head_json":{"title":"Kasari Allikavesi 18.9L   (pudel korduvkasutatav) - Kasari Spring Water: Kasari E-Pood","description":"Nautige Kasari Allikavesi 18.9L pudelis, ideaalne igap\u00e4evaseks joomiseks ja seltskondlikeks \u00fcritusteks!","robots":{"index":"index","follow":"follow","max-snippet":"max-snippet:-1","max-image-preview":"max-image-preview:large","max-video-preview":"max-video-preview:-1"},"canonical":"https:\/\/kasari.eu\/en\/product\/korduvkasutatav-189-liitrine-veepudel-tais\/","og_locale":"en_US","og_type":"article","og_title":"Kasari Allikavesi 18.9L pudelis \u2013 V\u00e4rske Allikavesi","og_description":"Nautige Kasari Allikavesi 18.9L pudelis, ideaalne igap\u00e4evaseks joomiseks ja seltskondlikeks \u00fcritusteks!","og_url":"https:\/\/kasari.eu\/en\/product\/korduvkasutatav-189-liitrine-veepudel-tais\/","og_site_name":"Kasari Spring Water: Kasari E-Pood","article_modified_time":"2026-04-29T12:53:14+00:00","og_image":[{"width":1094,"height":1495,"url":"https:\/\/kasari.eu\/wp-content\/uploads\/2024\/09\/6.png","type":"image\/png"}],"twitter_card":"summary_large_image","twitter_misc":{"Est. reading time":"1 minute"},"schema":{"@context":"https:\/\/schema.org","@graph":[{"@type":"WebPage","@id":"https:\/\/kasari.eu\/toode\/korduvkasutatav-189-liitrine-veepudel-tais\/","url":"https:\/\/kasari.eu\/toode\/korduvkasutatav-189-liitrine-veepudel-tais\/","name":"Kasari Allikavesi 18.9L (pudel korduvkasutatav) - Kasari Spring Water: Kasari E-Pood","isPartOf":{"@id":"https:\/\/kasari.eu\/#website"},"primaryImageOfPage":{"@id":"https:\/\/kasari.eu\/toode\/korduvkasutatav-189-liitrine-veepudel-tais\/#primaryimage"},"image":{"@id":"https:\/\/kasari.eu\/toode\/korduvkasutatav-189-liitrine-veepudel-tais\/#primaryimage"},"thumbnailUrl":"https:\/\/kasari.eu\/wp-content\/uploads\/2024\/09\/6.png","datePublished":"2024-09-20T08:44:11+00:00","dateModified":"2026-04-29T12:53:14+00:00","description":"Nautige Kasari Allikavesi 18.9L pudelis, ideaalne igap\u00e4evaseks joomiseks ja seltskondlikeks \u00fcritusteks!","breadcrumb":{"@id":"https:\/\/kasari.eu\/toode\/korduvkasutatav-189-liitrine-veepudel-tais\/#breadcrumb"},"inLanguage":"en-US","potentialAction":[{"@type":"ReadAction","target":["https:\/\/kasari.eu\/toode\/korduvkasutatav-189-liitrine-veepudel-tais\/"]}]},{"@type":"ImageObject","inLanguage":"en-US","@id":"https:\/\/kasari.eu\/toode\/korduvkasutatav-189-liitrine-veepudel-tais\/#primaryimage","url":"https:\/\/kasari.eu\/wp-content\/uploads\/2024\/09\/6.png","contentUrl":"https:\/\/kasari.eu\/wp-content\/uploads\/2024\/09\/6.png","width":1094,"height":1495},{"@type":"BreadcrumbList","@id":"https:\/\/kasari.eu\/toode\/korduvkasutatav-189-liitrine-veepudel-tais\/#breadcrumb","itemListElement":[{"@type":"ListItem","position":1,"name":"Home","item":"https:\/\/kasari.eu\/"},{"@type":"ListItem","position":2,"name":"Tooted","item":"https:\/\/kasari.eu\/shop__trashed\/"},{"@type":"ListItem","position":3,"name":"Kasari Allikavesi 18.9L (pudel korduvkasutatav)"}]},{"@type":"WebSite","@id":"https:\/\/kasari.eu\/#website","url":"https:\/\/kasari.eu\/","name":"Kasari Spring Water: Kasari E-Pood","description":"","publisher":{"@id":"https:\/\/kasari.eu\/#organization"},"potentialAction":[{"@type":"SearchAction","target":{"@type":"EntryPoint","urlTemplate":"https:\/\/kasari.eu\/?s={search_term_string}"},"query-input":{"@type":"PropertyValueSpecification","valueRequired":true,"valueName":"search_term_string"}}],"inLanguage":"en-US"},{"@type":"Organization","@id":"https:\/\/kasari.eu\/#organization","name":"Kasari Spring Water: Kasari E-Pood","url":"https:\/\/kasari.eu\/","logo":{"@type":"ImageObject","inLanguage":"en-US","@id":"https:\/\/kasari.eu\/#\/schema\/logo\/image\/","url":"https:\/\/kasari.eu\/wp-content\/uploads\/2024\/11\/37c9b5ca-6c75-477f-891a-cc084cb3f920_removalai_preview.png","contentUrl":"https:\/\/kasari.eu\/wp-content\/uploads\/2024\/11\/37c9b5ca-6c75-477f-891a-cc084cb3f920_removalai_preview.png","width":600,"height":600,"caption":"Kasari Spring Water: Kasari E-Pood"},"image":{"@id":"https:\/\/kasari.eu\/#\/schema\/logo\/image\/"}}]}},"_links":{"self":[{"href":"https:\/\/kasari.eu\/en\/wp-json\/wp\/v2\/product\/580","targetHints":{"allow":["GET"]}}],"collection":[{"href":"https:\/\/kasari.eu\/en\/wp-json\/wp\/v2\/product"}],"about":[{"href":"https:\/\/kasari.eu\/en\/wp-json\/wp\/v2\/types\/product"}],"wp:featuredmedia":[{"embeddable":true,"href":"https:\/\/kasari.eu\/en\/wp-json\/wp\/v2\/media\/913"}],"wp:attachment":[{"href":"https:\/\/kasari.eu\/en\/wp-json\/wp\/v2\/media?parent=580"}],"wp:term":[{"taxonomy":"product_brand","embeddable":true,"href":"https:\/\/kasari.eu\/en\/wp-json\/wp\/v2\/product_brand?post=580"},{"taxonomy":"product_cat","embeddable":true,"href":"https:\/\/kasari.eu\/en\/wp-json\/wp\/v2\/product_cat?post=580"},{"taxonomy":"product_tag","embeddable":true,"href":"https:\/\/kasari.eu\/en\/wp-json\/wp\/v2\/product_tag?post=580"}],"curies":[{"name":"wp","href":"https:\/\/api.w.org\/{rel}","templated":true}]}}