{"id":72,"date":"2024-08-26T16:50:50","date_gmt":"2024-08-26T16:50:50","guid":{"rendered":"https:\/\/kasari.eu\/?post_type=product&#038;p=72"},"modified":"2025-08-26T07:28:56","modified_gmt":"2025-08-26T07:28:56","slug":"korduvkasutatav-189-liitrine-pet-plastikust-veepudel","status":"publish","type":"product","link":"https:\/\/kasari.eu\/en\/product\/korduvkasutatav-189-liitrine-pet-plastikust-veepudel\/","title":{"rendered":"Reusable 18.9 liter PET bottle (Empty)"},"content":{"rendered":"<p>The reusable 18.9 liter PET plastic water bottle is a practical and durable solution for both home and professional use. This large capacity is ideal for storing large amounts of water, providing convenience for longer periods of time. The bottle is made of high-quality PET plastic, which is lightweight yet strong, ensuring durability and a long service life.<\/p>\n<p>The wide mouth allows for easy filling and cleaning, making it easy to maintain. This reusable bottle is an eco-friendly choice, helping to reduce the use of single-use plastic bottles.<\/p>\n<p>Perfect for home water supply, office and outdoor use.<\/p>","protected":false},"excerpt":{"rendered":"<p>Korduvkasutatav 18,9-liitrine PET-plastikust veepudel on praktiline ja vastupidav lahendus nii koduseks kui ka t\u00f6\u00f6alaseks kasutamiseks. See suur mahutavus sobib ideaalselt suure hulga vee hoiustamiseks, pakkudes mugavust pikemaks ajaks. Pudeli valmistamisel on kasutatud kvaliteetset PET-plastikut, mis on kerge, kuid samas tugev, tagades vastupidavuse ja pika kasutusea<\/p>","protected":false},"featured_media":915,"template":"","meta":[],"product_brand":[],"product_cat":[29],"product_tag":[],"class_list":{"0":"post-72","1":"product","2":"type-product","3":"status-publish","4":"has-post-thumbnail","6":"product_cat-est","8":"first","9":"instock","10":"taxable","11":"shipping-taxable","12":"purchasable","13":"product-type-simple"},"yoast_head":"<!-- This site is optimized with the Yoast SEO plugin v25.1 - https:\/\/yoast.com\/wordpress\/plugins\/seo\/ -->\n<title>Korduvkasutatav 18,9-liitrine PET pudel (T\u00fchi) - Kasari Spring Water: Kasari E-Pood<\/title>\n<meta name=\"description\" content=\"Korduvkasutatav 18,9-liitrine t\u00fchi veepudel, ideaalne veetarbimise ja keskkonna s\u00e4\u00e4stmiseks!\" \/>\n<meta name=\"robots\" content=\"index, follow, max-snippet:-1, max-image-preview:large, max-video-preview:-1\" \/>\n<link rel=\"canonical\" href=\"https:\/\/kasari.eu\/en\/product\/korduvkasutatav-189-liitrine-pet-plastikust-veepudel\/\" \/>\n<meta property=\"og:locale\" content=\"en_US\" \/>\n<meta property=\"og:type\" content=\"article\" \/>\n<meta property=\"og:title\" content=\"Korduvkasutatav 18,9-liitrine veepudel (T\u00fchi) \u2013 Keskkonnas\u00f5bralik Valik\" \/>\n<meta property=\"og:description\" content=\"Korduvkasutatav 18,9-liitrine t\u00fchi veepudel, ideaalne veetarbimise ja keskkonna s\u00e4\u00e4stmiseks!\" \/>\n<meta property=\"og:url\" content=\"https:\/\/kasari.eu\/en\/product\/korduvkasutatav-189-liitrine-pet-plastikust-veepudel\/\" \/>\n<meta property=\"og:site_name\" content=\"Kasari Spring Water: Kasari E-Pood\" \/>\n<meta property=\"article:modified_time\" content=\"2025-08-26T07:28:56+00:00\" \/>\n<meta property=\"og:image\" content=\"https:\/\/kasari.eu\/wp-content\/uploads\/2024\/08\/5.png\" \/>\n\t<meta property=\"og:image:width\" content=\"1006\" \/>\n\t<meta property=\"og:image:height\" content=\"1286\" \/>\n\t<meta property=\"og:image:type\" content=\"image\/png\" \/>\n<meta name=\"twitter:card\" content=\"summary_large_image\" \/>\n<meta name=\"twitter:label1\" content=\"Est. reading time\" \/>\n\t<meta name=\"twitter:data1\" content=\"1 minute\" \/>\n<script type=\"application\/ld+json\" class=\"yoast-schema-graph\">{\"@context\":\"https:\/\/schema.org\",\"@graph\":[{\"@type\":\"WebPage\",\"@id\":\"https:\/\/kasari.eu\/toode\/korduvkasutatav-189-liitrine-pet-plastikust-veepudel\/\",\"url\":\"https:\/\/kasari.eu\/toode\/korduvkasutatav-189-liitrine-pet-plastikust-veepudel\/\",\"name\":\"Korduvkasutatav 18,9-liitrine PET pudel (T\u00fchi) - Kasari Spring Water: Kasari E-Pood\",\"isPartOf\":{\"@id\":\"https:\/\/kasari.eu\/#website\"},\"primaryImageOfPage\":{\"@id\":\"https:\/\/kasari.eu\/toode\/korduvkasutatav-189-liitrine-pet-plastikust-veepudel\/#primaryimage\"},\"image\":{\"@id\":\"https:\/\/kasari.eu\/toode\/korduvkasutatav-189-liitrine-pet-plastikust-veepudel\/#primaryimage\"},\"thumbnailUrl\":\"https:\/\/kasari.eu\/wp-content\/uploads\/2024\/08\/5.png\",\"datePublished\":\"2024-08-26T16:50:50+00:00\",\"dateModified\":\"2025-08-26T07:28:56+00:00\",\"description\":\"Korduvkasutatav 18,9-liitrine t\u00fchi veepudel, ideaalne veetarbimise ja keskkonna s\u00e4\u00e4stmiseks!\",\"breadcrumb\":{\"@id\":\"https:\/\/kasari.eu\/toode\/korduvkasutatav-189-liitrine-pet-plastikust-veepudel\/#breadcrumb\"},\"inLanguage\":\"en-US\",\"potentialAction\":[{\"@type\":\"ReadAction\",\"target\":[\"https:\/\/kasari.eu\/toode\/korduvkasutatav-189-liitrine-pet-plastikust-veepudel\/\"]}]},{\"@type\":\"ImageObject\",\"inLanguage\":\"en-US\",\"@id\":\"https:\/\/kasari.eu\/toode\/korduvkasutatav-189-liitrine-pet-plastikust-veepudel\/#primaryimage\",\"url\":\"https:\/\/kasari.eu\/wp-content\/uploads\/2024\/08\/5.png\",\"contentUrl\":\"https:\/\/kasari.eu\/wp-content\/uploads\/2024\/08\/5.png\",\"width\":1006,\"height\":1286},{\"@type\":\"BreadcrumbList\",\"@id\":\"https:\/\/kasari.eu\/toode\/korduvkasutatav-189-liitrine-pet-plastikust-veepudel\/#breadcrumb\",\"itemListElement\":[{\"@type\":\"ListItem\",\"position\":1,\"name\":\"Home\",\"item\":\"https:\/\/kasari.eu\/\"},{\"@type\":\"ListItem\",\"position\":2,\"name\":\"Tooted\",\"item\":\"https:\/\/kasari.eu\/shop__trashed\/\"},{\"@type\":\"ListItem\",\"position\":3,\"name\":\"Korduvkasutatav 18,9-liitrine PET pudel (T\u00fchi)\"}]},{\"@type\":\"WebSite\",\"@id\":\"https:\/\/kasari.eu\/#website\",\"url\":\"https:\/\/kasari.eu\/\",\"name\":\"Kasari Spring Water: Kasari E-Pood\",\"description\":\"\",\"publisher\":{\"@id\":\"https:\/\/kasari.eu\/#organization\"},\"potentialAction\":[{\"@type\":\"SearchAction\",\"target\":{\"@type\":\"EntryPoint\",\"urlTemplate\":\"https:\/\/kasari.eu\/?s={search_term_string}\"},\"query-input\":{\"@type\":\"PropertyValueSpecification\",\"valueRequired\":true,\"valueName\":\"search_term_string\"}}],\"inLanguage\":\"en-US\"},{\"@type\":\"Organization\",\"@id\":\"https:\/\/kasari.eu\/#organization\",\"name\":\"Kasari Spring Water: Kasari E-Pood\",\"url\":\"https:\/\/kasari.eu\/\",\"logo\":{\"@type\":\"ImageObject\",\"inLanguage\":\"en-US\",\"@id\":\"https:\/\/kasari.eu\/#\/schema\/logo\/image\/\",\"url\":\"https:\/\/kasari.eu\/wp-content\/uploads\/2024\/11\/37c9b5ca-6c75-477f-891a-cc084cb3f920_removalai_preview.png\",\"contentUrl\":\"https:\/\/kasari.eu\/wp-content\/uploads\/2024\/11\/37c9b5ca-6c75-477f-891a-cc084cb3f920_removalai_preview.png\",\"width\":600,\"height\":600,\"caption\":\"Kasari Spring Water: Kasari E-Pood\"},\"image\":{\"@id\":\"https:\/\/kasari.eu\/#\/schema\/logo\/image\/\"}}]}<\/script>\n<!-- \/ Yoast SEO plugin. -->","yoast_head_json":{"title":"Korduvkasutatav 18,9-liitrine PET pudel (T\u00fchi) - Kasari Spring Water: Kasari E-Pood","description":"Korduvkasutatav 18,9-liitrine t\u00fchi veepudel, ideaalne veetarbimise ja keskkonna s\u00e4\u00e4stmiseks!","robots":{"index":"index","follow":"follow","max-snippet":"max-snippet:-1","max-image-preview":"max-image-preview:large","max-video-preview":"max-video-preview:-1"},"canonical":"https:\/\/kasari.eu\/en\/product\/korduvkasutatav-189-liitrine-pet-plastikust-veepudel\/","og_locale":"en_US","og_type":"article","og_title":"Korduvkasutatav 18,9-liitrine veepudel (T\u00fchi) \u2013 Keskkonnas\u00f5bralik Valik","og_description":"Korduvkasutatav 18,9-liitrine t\u00fchi veepudel, ideaalne veetarbimise ja keskkonna s\u00e4\u00e4stmiseks!","og_url":"https:\/\/kasari.eu\/en\/product\/korduvkasutatav-189-liitrine-pet-plastikust-veepudel\/","og_site_name":"Kasari Spring Water: Kasari E-Pood","article_modified_time":"2025-08-26T07:28:56+00:00","og_image":[{"width":1006,"height":1286,"url":"https:\/\/kasari.eu\/wp-content\/uploads\/2024\/08\/5.png","type":"image\/png"}],"twitter_card":"summary_large_image","twitter_misc":{"Est. reading time":"1 minute"},"schema":{"@context":"https:\/\/schema.org","@graph":[{"@type":"WebPage","@id":"https:\/\/kasari.eu\/toode\/korduvkasutatav-189-liitrine-pet-plastikust-veepudel\/","url":"https:\/\/kasari.eu\/toode\/korduvkasutatav-189-liitrine-pet-plastikust-veepudel\/","name":"Korduvkasutatav 18,9-liitrine PET pudel (T\u00fchi) - Kasari Spring Water: Kasari E-Pood","isPartOf":{"@id":"https:\/\/kasari.eu\/#website"},"primaryImageOfPage":{"@id":"https:\/\/kasari.eu\/toode\/korduvkasutatav-189-liitrine-pet-plastikust-veepudel\/#primaryimage"},"image":{"@id":"https:\/\/kasari.eu\/toode\/korduvkasutatav-189-liitrine-pet-plastikust-veepudel\/#primaryimage"},"thumbnailUrl":"https:\/\/kasari.eu\/wp-content\/uploads\/2024\/08\/5.png","datePublished":"2024-08-26T16:50:50+00:00","dateModified":"2025-08-26T07:28:56+00:00","description":"Korduvkasutatav 18,9-liitrine t\u00fchi veepudel, ideaalne veetarbimise ja keskkonna s\u00e4\u00e4stmiseks!","breadcrumb":{"@id":"https:\/\/kasari.eu\/toode\/korduvkasutatav-189-liitrine-pet-plastikust-veepudel\/#breadcrumb"},"inLanguage":"en-US","potentialAction":[{"@type":"ReadAction","target":["https:\/\/kasari.eu\/toode\/korduvkasutatav-189-liitrine-pet-plastikust-veepudel\/"]}]},{"@type":"ImageObject","inLanguage":"en-US","@id":"https:\/\/kasari.eu\/toode\/korduvkasutatav-189-liitrine-pet-plastikust-veepudel\/#primaryimage","url":"https:\/\/kasari.eu\/wp-content\/uploads\/2024\/08\/5.png","contentUrl":"https:\/\/kasari.eu\/wp-content\/uploads\/2024\/08\/5.png","width":1006,"height":1286},{"@type":"BreadcrumbList","@id":"https:\/\/kasari.eu\/toode\/korduvkasutatav-189-liitrine-pet-plastikust-veepudel\/#breadcrumb","itemListElement":[{"@type":"ListItem","position":1,"name":"Home","item":"https:\/\/kasari.eu\/"},{"@type":"ListItem","position":2,"name":"Tooted","item":"https:\/\/kasari.eu\/shop__trashed\/"},{"@type":"ListItem","position":3,"name":"Korduvkasutatav 18,9-liitrine PET pudel (T\u00fchi)"}]},{"@type":"WebSite","@id":"https:\/\/kasari.eu\/#website","url":"https:\/\/kasari.eu\/","name":"Kasari Spring Water: Kasari E-Pood","description":"","publisher":{"@id":"https:\/\/kasari.eu\/#organization"},"potentialAction":[{"@type":"SearchAction","target":{"@type":"EntryPoint","urlTemplate":"https:\/\/kasari.eu\/?s={search_term_string}"},"query-input":{"@type":"PropertyValueSpecification","valueRequired":true,"valueName":"search_term_string"}}],"inLanguage":"en-US"},{"@type":"Organization","@id":"https:\/\/kasari.eu\/#organization","name":"Kasari Spring Water: Kasari E-Pood","url":"https:\/\/kasari.eu\/","logo":{"@type":"ImageObject","inLanguage":"en-US","@id":"https:\/\/kasari.eu\/#\/schema\/logo\/image\/","url":"https:\/\/kasari.eu\/wp-content\/uploads\/2024\/11\/37c9b5ca-6c75-477f-891a-cc084cb3f920_removalai_preview.png","contentUrl":"https:\/\/kasari.eu\/wp-content\/uploads\/2024\/11\/37c9b5ca-6c75-477f-891a-cc084cb3f920_removalai_preview.png","width":600,"height":600,"caption":"Kasari Spring Water: Kasari E-Pood"},"image":{"@id":"https:\/\/kasari.eu\/#\/schema\/logo\/image\/"}}]}},"_links":{"self":[{"href":"https:\/\/kasari.eu\/en\/wp-json\/wp\/v2\/product\/72","targetHints":{"allow":["GET"]}}],"collection":[{"href":"https:\/\/kasari.eu\/en\/wp-json\/wp\/v2\/product"}],"about":[{"href":"https:\/\/kasari.eu\/en\/wp-json\/wp\/v2\/types\/product"}],"wp:featuredmedia":[{"embeddable":true,"href":"https:\/\/kasari.eu\/en\/wp-json\/wp\/v2\/media\/915"}],"wp:attachment":[{"href":"https:\/\/kasari.eu\/en\/wp-json\/wp\/v2\/media?parent=72"}],"wp:term":[{"taxonomy":"product_brand","embeddable":true,"href":"https:\/\/kasari.eu\/en\/wp-json\/wp\/v2\/product_brand?post=72"},{"taxonomy":"product_cat","embeddable":true,"href":"https:\/\/kasari.eu\/en\/wp-json\/wp\/v2\/product_cat?post=72"},{"taxonomy":"product_tag","embeddable":true,"href":"https:\/\/kasari.eu\/en\/wp-json\/wp\/v2\/product_tag?post=72"}],"curies":[{"name":"wp","href":"https:\/\/api.w.org\/{rel}","templated":true}]}}