{"id":916,"date":"2024-10-22T05:16:55","date_gmt":"2024-10-22T05:16:55","guid":{"rendered":"https:\/\/kasari.eu\/?post_type=product&#038;p=916"},"modified":"2024-11-05T16:45:10","modified_gmt":"2024-11-05T16:45:10","slug":"kasari-allikavesi-18-9l-2tk-kasipump","status":"publish","type":"product","link":"https:\/\/kasari.eu\/en\/product\/kasari-allikavesi-18-9l-2tk-kasipump\/","title":{"rendered":"Kasari Spring Water 18.9L (2pcs in a disposable bottle) + hand pump"},"content":{"rendered":"<p>Enjoy clean and refreshing Kasari Spring Water 18.9L bottles with a convenient pump!<\/p>","protected":false},"excerpt":{"rendered":"<p>Enjoy clean and refreshing Kasari Spring Water 18.9L bottles with a convenient pump!<\/p>","protected":false},"featured_media":917,"template":"","meta":[],"product_brand":[],"product_cat":[29,28],"product_tag":[],"class_list":{"0":"post-916","1":"product","2":"type-product","3":"status-publish","4":"has-post-thumbnail","6":"product_cat-est","7":"product_cat-kampaania","9":"first","10":"instock","11":"taxable","12":"shipping-taxable","13":"purchasable","14":"product-type-simple"},"yoast_head":"<!-- This site is optimized with the Yoast SEO plugin v25.1 - https:\/\/yoast.com\/wordpress\/plugins\/seo\/ -->\n<title>Kasari Allikavesi 18.9L (\u00fchekordses pudelis 2tk) + k\u00e4sipump - Kasari Spring Water: Kasari E-Pood<\/title>\n<meta name=\"description\" content=\"Nautige puhtaid ja v\u00e4rskendavaid Kasari Allikavesi 18.9L pudeleid koos mugava pumpaga!\" \/>\n<meta name=\"robots\" content=\"index, follow, max-snippet:-1, max-image-preview:large, max-video-preview:-1\" \/>\n<link rel=\"canonical\" href=\"https:\/\/kasari.eu\/en\/product\/kasari-allikavesi-18-9l-2tk-kasipump\/\" \/>\n<meta property=\"og:locale\" content=\"en_US\" \/>\n<meta property=\"og:type\" content=\"article\" \/>\n<meta property=\"og:title\" content=\"Kasari Allikavesi 18.9L 2tk + k\u00e4sipump \u2013 Puhtamaitseline Allikavesi\" \/>\n<meta property=\"og:description\" content=\"Nautige puhtaid ja v\u00e4rskendavaid Kasari Allikavesi 18.9L pudeleid koos mugava pumpaga!\" \/>\n<meta property=\"og:url\" content=\"https:\/\/kasari.eu\/en\/product\/kasari-allikavesi-18-9l-2tk-kasipump\/\" \/>\n<meta property=\"og:site_name\" content=\"Kasari Spring Water: Kasari E-Pood\" \/>\n<meta property=\"article:modified_time\" content=\"2024-11-05T16:45:10+00:00\" \/>\n<meta property=\"og:image\" content=\"https:\/\/kasari.eu\/wp-content\/uploads\/2024\/10\/2-e1729571567272.png\" \/>\n\t<meta property=\"og:image:width\" content=\"831\" \/>\n\t<meta property=\"og:image:height\" content=\"840\" \/>\n\t<meta property=\"og:image:type\" content=\"image\/png\" \/>\n<meta name=\"twitter:card\" content=\"summary_large_image\" \/>\n<meta name=\"twitter:label1\" content=\"Est. reading time\" \/>\n\t<meta name=\"twitter:data1\" content=\"1 minute\" \/>\n<script type=\"application\/ld+json\" class=\"yoast-schema-graph\">{\"@context\":\"https:\/\/schema.org\",\"@graph\":[{\"@type\":\"WebPage\",\"@id\":\"https:\/\/kasari.eu\/toode\/kasari-allikavesi-18-9l-2tk-kasipump\/\",\"url\":\"https:\/\/kasari.eu\/toode\/kasari-allikavesi-18-9l-2tk-kasipump\/\",\"name\":\"Kasari Allikavesi 18.9L (\u00fchekordses pudelis 2tk) + k\u00e4sipump - Kasari Spring Water: Kasari E-Pood\",\"isPartOf\":{\"@id\":\"https:\/\/kasari.eu\/#website\"},\"primaryImageOfPage\":{\"@id\":\"https:\/\/kasari.eu\/toode\/kasari-allikavesi-18-9l-2tk-kasipump\/#primaryimage\"},\"image\":{\"@id\":\"https:\/\/kasari.eu\/toode\/kasari-allikavesi-18-9l-2tk-kasipump\/#primaryimage\"},\"thumbnailUrl\":\"https:\/\/kasari.eu\/wp-content\/uploads\/2024\/10\/kampaania.png\",\"datePublished\":\"2024-10-22T05:16:55+00:00\",\"dateModified\":\"2024-11-05T16:45:10+00:00\",\"description\":\"Nautige puhtaid ja v\u00e4rskendavaid Kasari Allikavesi 18.9L pudeleid koos mugava pumpaga!\",\"breadcrumb\":{\"@id\":\"https:\/\/kasari.eu\/toode\/kasari-allikavesi-18-9l-2tk-kasipump\/#breadcrumb\"},\"inLanguage\":\"en-US\",\"potentialAction\":[{\"@type\":\"ReadAction\",\"target\":[\"https:\/\/kasari.eu\/toode\/kasari-allikavesi-18-9l-2tk-kasipump\/\"]}]},{\"@type\":\"ImageObject\",\"inLanguage\":\"en-US\",\"@id\":\"https:\/\/kasari.eu\/toode\/kasari-allikavesi-18-9l-2tk-kasipump\/#primaryimage\",\"url\":\"https:\/\/kasari.eu\/wp-content\/uploads\/2024\/10\/kampaania.png\",\"contentUrl\":\"https:\/\/kasari.eu\/wp-content\/uploads\/2024\/10\/kampaania.png\",\"width\":1050,\"height\":903},{\"@type\":\"BreadcrumbList\",\"@id\":\"https:\/\/kasari.eu\/toode\/kasari-allikavesi-18-9l-2tk-kasipump\/#breadcrumb\",\"itemListElement\":[{\"@type\":\"ListItem\",\"position\":1,\"name\":\"Home\",\"item\":\"https:\/\/kasari.eu\/\"},{\"@type\":\"ListItem\",\"position\":2,\"name\":\"Tooted\",\"item\":\"https:\/\/kasari.eu\/shop__trashed\/\"},{\"@type\":\"ListItem\",\"position\":3,\"name\":\"Kasari Allikavesi 18.9L (\u00fchekordses pudelis 2tk) + k\u00e4sipump\"}]},{\"@type\":\"WebSite\",\"@id\":\"https:\/\/kasari.eu\/#website\",\"url\":\"https:\/\/kasari.eu\/\",\"name\":\"Kasari Spring Water: Kasari E-Pood\",\"description\":\"\",\"publisher\":{\"@id\":\"https:\/\/kasari.eu\/#organization\"},\"potentialAction\":[{\"@type\":\"SearchAction\",\"target\":{\"@type\":\"EntryPoint\",\"urlTemplate\":\"https:\/\/kasari.eu\/?s={search_term_string}\"},\"query-input\":{\"@type\":\"PropertyValueSpecification\",\"valueRequired\":true,\"valueName\":\"search_term_string\"}}],\"inLanguage\":\"en-US\"},{\"@type\":\"Organization\",\"@id\":\"https:\/\/kasari.eu\/#organization\",\"name\":\"Kasari Spring Water: Kasari E-Pood\",\"url\":\"https:\/\/kasari.eu\/\",\"logo\":{\"@type\":\"ImageObject\",\"inLanguage\":\"en-US\",\"@id\":\"https:\/\/kasari.eu\/#\/schema\/logo\/image\/\",\"url\":\"https:\/\/kasari.eu\/wp-content\/uploads\/2024\/11\/37c9b5ca-6c75-477f-891a-cc084cb3f920_removalai_preview.png\",\"contentUrl\":\"https:\/\/kasari.eu\/wp-content\/uploads\/2024\/11\/37c9b5ca-6c75-477f-891a-cc084cb3f920_removalai_preview.png\",\"width\":600,\"height\":600,\"caption\":\"Kasari Spring Water: Kasari E-Pood\"},\"image\":{\"@id\":\"https:\/\/kasari.eu\/#\/schema\/logo\/image\/\"}}]}<\/script>\n<!-- \/ Yoast SEO plugin. -->","yoast_head_json":{"title":"Kasari Allikavesi 18.9L (\u00fchekordses pudelis 2tk) + k\u00e4sipump - Kasari Spring Water: Kasari E-Pood","description":"Nautige puhtaid ja v\u00e4rskendavaid Kasari Allikavesi 18.9L pudeleid koos mugava pumpaga!","robots":{"index":"index","follow":"follow","max-snippet":"max-snippet:-1","max-image-preview":"max-image-preview:large","max-video-preview":"max-video-preview:-1"},"canonical":"https:\/\/kasari.eu\/en\/product\/kasari-allikavesi-18-9l-2tk-kasipump\/","og_locale":"en_US","og_type":"article","og_title":"Kasari Allikavesi 18.9L 2tk + k\u00e4sipump \u2013 Puhtamaitseline Allikavesi","og_description":"Nautige puhtaid ja v\u00e4rskendavaid Kasari Allikavesi 18.9L pudeleid koos mugava pumpaga!","og_url":"https:\/\/kasari.eu\/en\/product\/kasari-allikavesi-18-9l-2tk-kasipump\/","og_site_name":"Kasari Spring Water: Kasari E-Pood","article_modified_time":"2024-11-05T16:45:10+00:00","og_image":[{"width":831,"height":840,"url":"https:\/\/kasari.eu\/wp-content\/uploads\/2024\/10\/2-e1729571567272.png","type":"image\/png"}],"twitter_card":"summary_large_image","twitter_misc":{"Est. reading time":"1 minute"},"schema":{"@context":"https:\/\/schema.org","@graph":[{"@type":"WebPage","@id":"https:\/\/kasari.eu\/toode\/kasari-allikavesi-18-9l-2tk-kasipump\/","url":"https:\/\/kasari.eu\/toode\/kasari-allikavesi-18-9l-2tk-kasipump\/","name":"Kasari Allikavesi 18.9L (\u00fchekordses pudelis 2tk) + k\u00e4sipump - Kasari Spring Water: Kasari E-Pood","isPartOf":{"@id":"https:\/\/kasari.eu\/#website"},"primaryImageOfPage":{"@id":"https:\/\/kasari.eu\/toode\/kasari-allikavesi-18-9l-2tk-kasipump\/#primaryimage"},"image":{"@id":"https:\/\/kasari.eu\/toode\/kasari-allikavesi-18-9l-2tk-kasipump\/#primaryimage"},"thumbnailUrl":"https:\/\/kasari.eu\/wp-content\/uploads\/2024\/10\/kampaania.png","datePublished":"2024-10-22T05:16:55+00:00","dateModified":"2024-11-05T16:45:10+00:00","description":"Nautige puhtaid ja v\u00e4rskendavaid Kasari Allikavesi 18.9L pudeleid koos mugava pumpaga!","breadcrumb":{"@id":"https:\/\/kasari.eu\/toode\/kasari-allikavesi-18-9l-2tk-kasipump\/#breadcrumb"},"inLanguage":"en-US","potentialAction":[{"@type":"ReadAction","target":["https:\/\/kasari.eu\/toode\/kasari-allikavesi-18-9l-2tk-kasipump\/"]}]},{"@type":"ImageObject","inLanguage":"en-US","@id":"https:\/\/kasari.eu\/toode\/kasari-allikavesi-18-9l-2tk-kasipump\/#primaryimage","url":"https:\/\/kasari.eu\/wp-content\/uploads\/2024\/10\/kampaania.png","contentUrl":"https:\/\/kasari.eu\/wp-content\/uploads\/2024\/10\/kampaania.png","width":1050,"height":903},{"@type":"BreadcrumbList","@id":"https:\/\/kasari.eu\/toode\/kasari-allikavesi-18-9l-2tk-kasipump\/#breadcrumb","itemListElement":[{"@type":"ListItem","position":1,"name":"Home","item":"https:\/\/kasari.eu\/"},{"@type":"ListItem","position":2,"name":"Tooted","item":"https:\/\/kasari.eu\/shop__trashed\/"},{"@type":"ListItem","position":3,"name":"Kasari Allikavesi 18.9L (\u00fchekordses pudelis 2tk) + k\u00e4sipump"}]},{"@type":"WebSite","@id":"https:\/\/kasari.eu\/#website","url":"https:\/\/kasari.eu\/","name":"Kasari Spring Water: Kasari E-Pood","description":"","publisher":{"@id":"https:\/\/kasari.eu\/#organization"},"potentialAction":[{"@type":"SearchAction","target":{"@type":"EntryPoint","urlTemplate":"https:\/\/kasari.eu\/?s={search_term_string}"},"query-input":{"@type":"PropertyValueSpecification","valueRequired":true,"valueName":"search_term_string"}}],"inLanguage":"en-US"},{"@type":"Organization","@id":"https:\/\/kasari.eu\/#organization","name":"Kasari Spring Water: Kasari E-Pood","url":"https:\/\/kasari.eu\/","logo":{"@type":"ImageObject","inLanguage":"en-US","@id":"https:\/\/kasari.eu\/#\/schema\/logo\/image\/","url":"https:\/\/kasari.eu\/wp-content\/uploads\/2024\/11\/37c9b5ca-6c75-477f-891a-cc084cb3f920_removalai_preview.png","contentUrl":"https:\/\/kasari.eu\/wp-content\/uploads\/2024\/11\/37c9b5ca-6c75-477f-891a-cc084cb3f920_removalai_preview.png","width":600,"height":600,"caption":"Kasari Spring Water: Kasari E-Pood"},"image":{"@id":"https:\/\/kasari.eu\/#\/schema\/logo\/image\/"}}]}},"_links":{"self":[{"href":"https:\/\/kasari.eu\/en\/wp-json\/wp\/v2\/product\/916","targetHints":{"allow":["GET"]}}],"collection":[{"href":"https:\/\/kasari.eu\/en\/wp-json\/wp\/v2\/product"}],"about":[{"href":"https:\/\/kasari.eu\/en\/wp-json\/wp\/v2\/types\/product"}],"wp:featuredmedia":[{"embeddable":true,"href":"https:\/\/kasari.eu\/en\/wp-json\/wp\/v2\/media\/917"}],"wp:attachment":[{"href":"https:\/\/kasari.eu\/en\/wp-json\/wp\/v2\/media?parent=916"}],"wp:term":[{"taxonomy":"product_brand","embeddable":true,"href":"https:\/\/kasari.eu\/en\/wp-json\/wp\/v2\/product_brand?post=916"},{"taxonomy":"product_cat","embeddable":true,"href":"https:\/\/kasari.eu\/en\/wp-json\/wp\/v2\/product_cat?post=916"},{"taxonomy":"product_tag","embeddable":true,"href":"https:\/\/kasari.eu\/en\/wp-json\/wp\/v2\/product_tag?post=916"}],"curies":[{"name":"wp","href":"https:\/\/api.w.org\/{rel}","templated":true}]}}