{"id":536,"date":"2024-09-19T08:01:51","date_gmt":"2024-09-19T08:01:51","guid":{"rendered":"https:\/\/kasari.eu\/?post_type=product&#038;p=536"},"modified":"2024-11-05T16:48:38","modified_gmt":"2024-11-05T16:48:38","slug":"pakett-10tk-x-6l","status":"publish","type":"product","link":"https:\/\/kasari.eu\/ru\/product\/pakett-10tk-x-6l\/","title":{"rendered":"\u0423\u043f\u0430\u043a\u043e\u0432\u043a\u0430 10 \u0448\u0442. \u0412\u043e\u0434\u0430 \u0440\u043e\u0434\u043d\u0438\u043a\u043e\u0432\u0430\u044f \u041a\u0430\u0441\u0430\u0440\u0438 6 \u043b"},"content":{"rendered":"<p>\u0423\u043f\u0430\u043a\u043e\u0432\u043a\u0430 Kasari \u0438\u0437 10 \u0431\u0443\u0442\u044b\u043b\u043e\u043a \u0434\u043b\u044f \u0432\u043e\u0434\u044b \u043f\u043e 6 \u043b \u2014 \u0438\u0434\u0435\u0430\u043b\u044c\u043d\u043e\u0435 \u0440\u0435\u0448\u0435\u043d\u0438\u0435 \u0434\u043b\u044f \u0435\u0436\u0435\u0434\u043d\u0435\u0432\u043d\u043e\u0433\u043e \u043f\u043e\u0442\u0440\u0435\u0431\u043b\u0435\u043d\u0438\u044f \u0432\u043e\u0434\u044b \u0438 \u043c\u0435\u0440\u043e\u043f\u0440\u0438\u044f\u0442\u0438\u0439!<\/p>","protected":false},"excerpt":{"rendered":"<p>\u0423\u043f\u0430\u043a\u043e\u0432\u043a\u0430 Kasari \u0438\u0437 10 \u0431\u0443\u0442\u044b\u043b\u043e\u043a \u0434\u043b\u044f \u0432\u043e\u0434\u044b \u043f\u043e 6 \u043b \u2014 \u0438\u0434\u0435\u0430\u043b\u044c\u043d\u043e\u0435 \u0440\u0435\u0448\u0435\u043d\u0438\u0435 \u0434\u043b\u044f \u0435\u0436\u0435\u0434\u043d\u0435\u0432\u043d\u043e\u0433\u043e \u043f\u043e\u0442\u0440\u0435\u0431\u043b\u0435\u043d\u0438\u044f \u0432\u043e\u0434\u044b \u0438 \u043c\u0435\u0440\u043e\u043f\u0440\u0438\u044f\u0442\u0438\u0439!<\/p>","protected":false},"featured_media":911,"template":"","meta":[],"product_brand":[],"product_cat":[29],"product_tag":[],"class_list":{"0":"post-536","1":"product","2":"type-product","3":"status-publish","4":"has-post-thumbnail","6":"product_cat-est","8":"first","9":"instock","10":"taxable","11":"shipping-taxable","12":"purchasable","13":"product-type-simple"},"yoast_head":"<!-- This site is optimized with the Yoast SEO plugin v25.1 - https:\/\/yoast.com\/wordpress\/plugins\/seo\/ -->\n<title>Pakett 10tk Kasari Allikavesi 6L - Kasari Spring Water: Kasari E-Pood<\/title>\n<meta name=\"description\" content=\"Kasari pakett 10tk x 6L veepudelit, ideaalne lahendus igap\u00e4evaseks veetarbimiseks ja \u00fcritusteks!\" \/>\n<meta name=\"robots\" content=\"index, follow, max-snippet:-1, max-image-preview:large, max-video-preview:-1\" \/>\n<link rel=\"canonical\" href=\"https:\/\/kasari.eu\/ru\/product\/pakett-10tk-x-6l\/\" \/>\n<meta property=\"og:locale\" content=\"ru_RU\" \/>\n<meta property=\"og:type\" content=\"article\" \/>\n<meta property=\"og:title\" content=\"Pakett 10tk x 6L \u2013 Mugavad Veepudelid Iga\u00fchele\" \/>\n<meta property=\"og:description\" content=\"Kasari pakett 10tk x 6L veepudelit, ideaalne lahendus igap\u00e4evaseks veetarbimiseks ja \u00fcritusteks!\" \/>\n<meta property=\"og:url\" content=\"https:\/\/kasari.eu\/ru\/product\/pakett-10tk-x-6l\/\" \/>\n<meta property=\"og:site_name\" content=\"Kasari Spring Water: Kasari E-Pood\" \/>\n<meta property=\"article:modified_time\" content=\"2024-11-05T16:48:38+00:00\" \/>\n<meta property=\"og:image\" content=\"https:\/\/kasari.eu\/wp-content\/uploads\/2024\/10\/3.png\" \/>\n\t<meta property=\"og:image:width\" content=\"1276\" \/>\n\t<meta property=\"og:image:height\" content=\"1449\" \/>\n\t<meta property=\"og:image:type\" content=\"image\/png\" \/>\n<meta name=\"twitter:card\" content=\"summary_large_image\" \/>\n<meta name=\"twitter:label1\" content=\"\u041f\u0440\u0438\u043c\u0435\u0440\u043d\u043e\u0435 \u0432\u0440\u0435\u043c\u044f \u0434\u043b\u044f \u0447\u0442\u0435\u043d\u0438\u044f\" \/>\n\t<meta name=\"twitter:data1\" content=\"1 \u043c\u0438\u043d\u0443\u0442\u0430\" \/>\n<script type=\"application\/ld+json\" class=\"yoast-schema-graph\">{\"@context\":\"https:\/\/schema.org\",\"@graph\":[{\"@type\":\"WebPage\",\"@id\":\"https:\/\/kasari.eu\/toode\/pakett-10tk-x-6l\/\",\"url\":\"https:\/\/kasari.eu\/toode\/pakett-10tk-x-6l\/\",\"name\":\"Pakett 10tk Kasari Allikavesi 6L - Kasari Spring Water: Kasari E-Pood\",\"isPartOf\":{\"@id\":\"https:\/\/kasari.eu\/#website\"},\"primaryImageOfPage\":{\"@id\":\"https:\/\/kasari.eu\/toode\/pakett-10tk-x-6l\/#primaryimage\"},\"image\":{\"@id\":\"https:\/\/kasari.eu\/toode\/pakett-10tk-x-6l\/#primaryimage\"},\"thumbnailUrl\":\"https:\/\/kasari.eu\/wp-content\/uploads\/2024\/10\/3.png\",\"datePublished\":\"2024-09-19T08:01:51+00:00\",\"dateModified\":\"2024-11-05T16:48:38+00:00\",\"description\":\"Kasari pakett 10tk x 6L veepudelit, ideaalne lahendus igap\u00e4evaseks veetarbimiseks ja \u00fcritusteks!\",\"breadcrumb\":{\"@id\":\"https:\/\/kasari.eu\/toode\/pakett-10tk-x-6l\/#breadcrumb\"},\"inLanguage\":\"ru-RU\",\"potentialAction\":[{\"@type\":\"ReadAction\",\"target\":[\"https:\/\/kasari.eu\/toode\/pakett-10tk-x-6l\/\"]}]},{\"@type\":\"ImageObject\",\"inLanguage\":\"ru-RU\",\"@id\":\"https:\/\/kasari.eu\/toode\/pakett-10tk-x-6l\/#primaryimage\",\"url\":\"https:\/\/kasari.eu\/wp-content\/uploads\/2024\/10\/3.png\",\"contentUrl\":\"https:\/\/kasari.eu\/wp-content\/uploads\/2024\/10\/3.png\",\"width\":1276,\"height\":1449},{\"@type\":\"BreadcrumbList\",\"@id\":\"https:\/\/kasari.eu\/toode\/pakett-10tk-x-6l\/#breadcrumb\",\"itemListElement\":[{\"@type\":\"ListItem\",\"position\":1,\"name\":\"Home\",\"item\":\"https:\/\/kasari.eu\/\"},{\"@type\":\"ListItem\",\"position\":2,\"name\":\"Tooted\",\"item\":\"https:\/\/kasari.eu\/shop__trashed\/\"},{\"@type\":\"ListItem\",\"position\":3,\"name\":\"Pakett 10tk Kasari Allikavesi 6L\"}]},{\"@type\":\"WebSite\",\"@id\":\"https:\/\/kasari.eu\/#website\",\"url\":\"https:\/\/kasari.eu\/\",\"name\":\"Kasari Spring Water: Kasari E-Pood\",\"description\":\"\",\"publisher\":{\"@id\":\"https:\/\/kasari.eu\/#organization\"},\"potentialAction\":[{\"@type\":\"SearchAction\",\"target\":{\"@type\":\"EntryPoint\",\"urlTemplate\":\"https:\/\/kasari.eu\/?s={search_term_string}\"},\"query-input\":{\"@type\":\"PropertyValueSpecification\",\"valueRequired\":true,\"valueName\":\"search_term_string\"}}],\"inLanguage\":\"ru-RU\"},{\"@type\":\"Organization\",\"@id\":\"https:\/\/kasari.eu\/#organization\",\"name\":\"Kasari Spring Water: Kasari E-Pood\",\"url\":\"https:\/\/kasari.eu\/\",\"logo\":{\"@type\":\"ImageObject\",\"inLanguage\":\"ru-RU\",\"@id\":\"https:\/\/kasari.eu\/#\/schema\/logo\/image\/\",\"url\":\"https:\/\/kasari.eu\/wp-content\/uploads\/2024\/11\/37c9b5ca-6c75-477f-891a-cc084cb3f920_removalai_preview.png\",\"contentUrl\":\"https:\/\/kasari.eu\/wp-content\/uploads\/2024\/11\/37c9b5ca-6c75-477f-891a-cc084cb3f920_removalai_preview.png\",\"width\":600,\"height\":600,\"caption\":\"Kasari Spring Water: Kasari E-Pood\"},\"image\":{\"@id\":\"https:\/\/kasari.eu\/#\/schema\/logo\/image\/\"}}]}<\/script>\n<!-- \/ Yoast SEO plugin. -->","yoast_head_json":{"title":"Pakett 10tk Kasari Allikavesi 6L - Kasari Spring Water: Kasari E-Pood","description":"Kasari pakett 10tk x 6L veepudelit, ideaalne lahendus igap\u00e4evaseks veetarbimiseks ja \u00fcritusteks!","robots":{"index":"index","follow":"follow","max-snippet":"max-snippet:-1","max-image-preview":"max-image-preview:large","max-video-preview":"max-video-preview:-1"},"canonical":"https:\/\/kasari.eu\/ru\/product\/pakett-10tk-x-6l\/","og_locale":"ru_RU","og_type":"article","og_title":"Pakett 10tk x 6L \u2013 Mugavad Veepudelid Iga\u00fchele","og_description":"Kasari pakett 10tk x 6L veepudelit, ideaalne lahendus igap\u00e4evaseks veetarbimiseks ja \u00fcritusteks!","og_url":"https:\/\/kasari.eu\/ru\/product\/pakett-10tk-x-6l\/","og_site_name":"Kasari Spring Water: Kasari E-Pood","article_modified_time":"2024-11-05T16:48:38+00:00","og_image":[{"width":1276,"height":1449,"url":"https:\/\/kasari.eu\/wp-content\/uploads\/2024\/10\/3.png","type":"image\/png"}],"twitter_card":"summary_large_image","twitter_misc":{"\u041f\u0440\u0438\u043c\u0435\u0440\u043d\u043e\u0435 \u0432\u0440\u0435\u043c\u044f \u0434\u043b\u044f \u0447\u0442\u0435\u043d\u0438\u044f":"1 \u043c\u0438\u043d\u0443\u0442\u0430"},"schema":{"@context":"https:\/\/schema.org","@graph":[{"@type":"WebPage","@id":"https:\/\/kasari.eu\/toode\/pakett-10tk-x-6l\/","url":"https:\/\/kasari.eu\/toode\/pakett-10tk-x-6l\/","name":"Pakett 10tk Kasari Allikavesi 6L - Kasari Spring Water: Kasari E-Pood","isPartOf":{"@id":"https:\/\/kasari.eu\/#website"},"primaryImageOfPage":{"@id":"https:\/\/kasari.eu\/toode\/pakett-10tk-x-6l\/#primaryimage"},"image":{"@id":"https:\/\/kasari.eu\/toode\/pakett-10tk-x-6l\/#primaryimage"},"thumbnailUrl":"https:\/\/kasari.eu\/wp-content\/uploads\/2024\/10\/3.png","datePublished":"2024-09-19T08:01:51+00:00","dateModified":"2024-11-05T16:48:38+00:00","description":"Kasari pakett 10tk x 6L veepudelit, ideaalne lahendus igap\u00e4evaseks veetarbimiseks ja \u00fcritusteks!","breadcrumb":{"@id":"https:\/\/kasari.eu\/toode\/pakett-10tk-x-6l\/#breadcrumb"},"inLanguage":"ru-RU","potentialAction":[{"@type":"ReadAction","target":["https:\/\/kasari.eu\/toode\/pakett-10tk-x-6l\/"]}]},{"@type":"ImageObject","inLanguage":"ru-RU","@id":"https:\/\/kasari.eu\/toode\/pakett-10tk-x-6l\/#primaryimage","url":"https:\/\/kasari.eu\/wp-content\/uploads\/2024\/10\/3.png","contentUrl":"https:\/\/kasari.eu\/wp-content\/uploads\/2024\/10\/3.png","width":1276,"height":1449},{"@type":"BreadcrumbList","@id":"https:\/\/kasari.eu\/toode\/pakett-10tk-x-6l\/#breadcrumb","itemListElement":[{"@type":"ListItem","position":1,"name":"Home","item":"https:\/\/kasari.eu\/"},{"@type":"ListItem","position":2,"name":"Tooted","item":"https:\/\/kasari.eu\/shop__trashed\/"},{"@type":"ListItem","position":3,"name":"Pakett 10tk Kasari Allikavesi 6L"}]},{"@type":"WebSite","@id":"https:\/\/kasari.eu\/#website","url":"https:\/\/kasari.eu\/","name":"Kasari Spring Water: Kasari E-Pood","description":"","publisher":{"@id":"https:\/\/kasari.eu\/#organization"},"potentialAction":[{"@type":"SearchAction","target":{"@type":"EntryPoint","urlTemplate":"https:\/\/kasari.eu\/?s={search_term_string}"},"query-input":{"@type":"PropertyValueSpecification","valueRequired":true,"valueName":"search_term_string"}}],"inLanguage":"ru-RU"},{"@type":"Organization","@id":"https:\/\/kasari.eu\/#organization","name":"Kasari Spring Water: Kasari E-Pood","url":"https:\/\/kasari.eu\/","logo":{"@type":"ImageObject","inLanguage":"ru-RU","@id":"https:\/\/kasari.eu\/#\/schema\/logo\/image\/","url":"https:\/\/kasari.eu\/wp-content\/uploads\/2024\/11\/37c9b5ca-6c75-477f-891a-cc084cb3f920_removalai_preview.png","contentUrl":"https:\/\/kasari.eu\/wp-content\/uploads\/2024\/11\/37c9b5ca-6c75-477f-891a-cc084cb3f920_removalai_preview.png","width":600,"height":600,"caption":"Kasari Spring Water: Kasari E-Pood"},"image":{"@id":"https:\/\/kasari.eu\/#\/schema\/logo\/image\/"}}]}},"_links":{"self":[{"href":"https:\/\/kasari.eu\/ru\/wp-json\/wp\/v2\/product\/536","targetHints":{"allow":["GET"]}}],"collection":[{"href":"https:\/\/kasari.eu\/ru\/wp-json\/wp\/v2\/product"}],"about":[{"href":"https:\/\/kasari.eu\/ru\/wp-json\/wp\/v2\/types\/product"}],"wp:featuredmedia":[{"embeddable":true,"href":"https:\/\/kasari.eu\/ru\/wp-json\/wp\/v2\/media\/911"}],"wp:attachment":[{"href":"https:\/\/kasari.eu\/ru\/wp-json\/wp\/v2\/media?parent=536"}],"wp:term":[{"taxonomy":"product_brand","embeddable":true,"href":"https:\/\/kasari.eu\/ru\/wp-json\/wp\/v2\/product_brand?post=536"},{"taxonomy":"product_cat","embeddable":true,"href":"https:\/\/kasari.eu\/ru\/wp-json\/wp\/v2\/product_cat?post=536"},{"taxonomy":"product_tag","embeddable":true,"href":"https:\/\/kasari.eu\/ru\/wp-json\/wp\/v2\/product_tag?post=536"}],"curies":[{"name":"wp","href":"https:\/\/api.w.org\/{rel}","templated":true}]}}